{"id":346,"date":"2020-01-09T15:55:27","date_gmt":"2020-01-09T15:55:27","guid":{"rendered":"http:\/\/www.arkya.es\/?page_id=346"},"modified":"2020-01-10T14:04:16","modified_gmt":"2020-01-10T14:04:16","slug":"346-2","status":"publish","type":"page","link":"https:\/\/www.arkya.es\/?page_id=346","title":{"rendered":"TERMOGRAF\u00cdA INFRARROJA."},"content":{"rendered":"\n<figure class=\"wp-block-image size-large is-resized is-style-default\"><img fetchpriority=\"high\" decoding=\"async\" src=\"http:\/\/www.arkya.es\/wp-content\/uploads\/2020\/01\/Sin-t\u00edtulo-51-1.jpg\" alt=\"\" class=\"wp-image-349\" width=\"222\" height=\"303\" srcset=\"https:\/\/www.arkya.es\/wp-content\/uploads\/2020\/01\/Sin-t\u00edtulo-51-1.jpg 651w, https:\/\/www.arkya.es\/wp-content\/uploads\/2020\/01\/Sin-t\u00edtulo-51-1-219x300.jpg 219w\" sizes=\"(max-width: 222px) 100vw, 222px\" \/><\/figure>\n\n\n\n<p><\/p>\n\n\n\n<h2 class=\"wp-block-heading\">\u00a0<em>Hacer visible lo invisible<\/em>.<\/h2>\n\n\n\n<p>La c\u00e1mara <strong>&nbsp;termogr\u00e1fica  infrarroja<\/strong> permite  captar  la intensidad de radiaci\u00f3n infrarroja que emiten los cuerpos y  convertir esa energ\u00eda radiada (W), invisible al ojo humano, en una imagen visible.<\/p>\n\n\n\n<p>Mediante el empleo de<strong>\u00a0c\u00e1maras con sensores<\/strong> se consigue informaci\u00f3n sobre la temperatura  de un objeto. <\/p>\n\n\n\n<p>Los distintos colores  representan las diferentes temperaturas. <\/p>\n\n\n\n<h2 class=\"wp-block-heading\">UTILIDADES:<\/h2>\n\n\n\n<h3 class=\"wp-block-heading\">EN INSTALACIONES INDUSTRIALES.<\/h3>\n\n\n\n<p> 1_Se puede controlar la&nbsp;temperatura de una m\u00e1quina industrial y comprobar as\u00ed si se producen fugas o sobrecalentamientos.<\/p>\n\n\n\n<p> &nbsp;2_P\u00e9rdidas de aislamiento o fusibles quemados: Mantenimiento predictivo en instalaciones, equipos el\u00e9ctricos, mec\u00e1nicos y de proceso t\u00e9rmico: localizaci\u00f3n de \u00abpuntos calientes\u00bb : Sobretensiones, conexiones mal realizadas o da\u00f1os internos, excesivos recalentamientos en fusibles o conexiones.<\/p>\n\n\n\n<p>3_<strong>El&nbsp; estado de conservaci\u00f3n de paneles fotovoltaicos<\/strong>.<\/p>\n\n\n\n<h3 class=\"wp-block-heading\">EN EDIFICACI\u00d3N.<\/h3>\n\n\n\n<p> Los<strong>&nbsp;ensayos termogr\u00e1ficos<\/strong>&nbsp;pueden &nbsp;<strong>reducir el consumo<\/strong> Y aumentar  el ahorro  mediante la detecci\u00f3n de p\u00e9rdidas energ\u00e9ticas derivadas de roturas, aver\u00edas o un aislamiento deficiente en los elementos de la envolvente t\u00e9rmica as\u00ed como en la detecci\u00f3n de fugas roturas  en los componentes de las instalaciones de los edificios. <\/p>\n\n\n\n<p>1_L<strong>ocalizaci\u00f3n de  puentes t\u00e9rmico<\/strong>s:<\/p>\n\n\n\n<p>El encuentro de los cerramientos de fachada con forjado o con pilares,  cubiertas, jambas  dinteles, vierteaguas, etc\u2026<strong>o zonas donde no existe aislamiento o este se ha deteriorado<\/strong>. <\/p>\n\n\n\n<p>2<strong>_Zonas con fugas de aire,&nbsp;<\/strong>en las instalaciones de ventilaci\u00f3n, generando posibles condensaciones.<\/p>\n\n\n\n<p>3_<strong>Detecci\u00f3n de humedades que pueden generar da\u00f1os<\/strong> a otros elementos.<\/p>\n\n\n\n<p>USO DE LA C\u00c1MARA Y EL SOFTWARE:<\/p>\n\n\n\n<ul class=\"wp-block-list\"><li><strong>Encuadre adecuado de<\/strong>l objeto que interesa&nbsp;acerc\u00e1ndose lo m\u00e1ximo  que se pueda.<\/li><li>&nbsp;<strong>Ajuste adecuado del rango de temperatura,&nbsp;<\/strong> para mayor exactitud&nbsp; y precisi\u00f3n en la medida.<\/li><li><strong>Evitar la radiaci\u00f3n directa del sol<\/strong>.<\/li><li> &nbsp;Conocimiento del funcionamiento de las leyes &nbsp;de la termodin\u00e1mica relacionadas con el comportamiento del calor. <\/li><\/ul>\n\n\n\n[wpforms id=\u00bb276&#8243; title=\u00bbfalse\u00bb description=\u00bbfalse\u00bb]\n","protected":false},"excerpt":{"rendered":"<p>\u00a0Hacer visible lo invisible. La c\u00e1mara &nbsp;termogr\u00e1fica infrarroja permite captar la intensidad de radiaci\u00f3n infrarroja que emiten los cuerpos y &hellip; <a href=\"https:\/\/www.arkya.es\/?page_id=346\" class=\"more-link\">Sigue leyendo <span class=\"screen-reader-text\">TERMOGRAF\u00cdA INFRARROJA.<\/span><\/a><\/p>\n","protected":false},"author":1,"featured_media":0,"parent":0,"menu_order":0,"comment_status":"closed","ping_status":"closed","template":"","meta":{"footnotes":""},"class_list":["post-346","page","type-page","status-publish","hentry"],"yoast_head":"<!-- This site is optimized with the Yoast SEO plugin v24.8.1 - https:\/\/yoast.com\/wordpress\/plugins\/seo\/ -->\n<title>TERMOGRAF\u00cdA INFRARROJA. - arkya<\/title>\n<meta name=\"robots\" content=\"index, follow, max-snippet:-1, max-image-preview:large, max-video-preview:-1\" \/>\n<link rel=\"canonical\" href=\"https:\/\/www.arkya.es\/?page_id=346\" \/>\n<meta property=\"og:locale\" content=\"es_ES\" \/>\n<meta property=\"og:type\" content=\"article\" \/>\n<meta property=\"og:title\" content=\"TERMOGRAF\u00cdA INFRARROJA. - arkya\" \/>\n<meta property=\"og:description\" content=\"\u00a0Hacer visible lo invisible. La c\u00e1mara &nbsp;termogr\u00e1fica infrarroja permite captar la intensidad de radiaci\u00f3n infrarroja que emiten los cuerpos y &hellip; Sigue leyendo TERMOGRAF\u00cdA INFRARROJA.\" \/>\n<meta property=\"og:url\" content=\"https:\/\/www.arkya.es\/?page_id=346\" \/>\n<meta property=\"og:site_name\" content=\"arkya\" \/>\n<meta property=\"article:modified_time\" content=\"2020-01-10T14:04:16+00:00\" \/>\n<meta name=\"twitter:card\" content=\"summary_large_image\" \/>\n<meta name=\"twitter:label1\" content=\"Tiempo de lectura\" \/>\n\t<meta name=\"twitter:data1\" content=\"2 minutos\" \/>\n<script type=\"application\/ld+json\" class=\"yoast-schema-graph\">{\"@context\":\"https:\/\/schema.org\",\"@graph\":[{\"@type\":\"WebPage\",\"@id\":\"https:\/\/www.arkya.es\/?page_id=346\",\"url\":\"https:\/\/www.arkya.es\/?page_id=346\",\"name\":\"TERMOGRAF\u00cdA INFRARROJA. - arkya\",\"isPartOf\":{\"@id\":\"https:\/\/www.arkya.es\/#website\"},\"datePublished\":\"2020-01-09T15:55:27+00:00\",\"dateModified\":\"2020-01-10T14:04:16+00:00\",\"breadcrumb\":{\"@id\":\"https:\/\/www.arkya.es\/?page_id=346#breadcrumb\"},\"inLanguage\":\"es\",\"potentialAction\":[{\"@type\":\"ReadAction\",\"target\":[\"https:\/\/www.arkya.es\/?page_id=346\"]}]},{\"@type\":\"BreadcrumbList\",\"@id\":\"https:\/\/www.arkya.es\/?page_id=346#breadcrumb\",\"itemListElement\":[{\"@type\":\"ListItem\",\"position\":1,\"name\":\"Portada\",\"item\":\"https:\/\/www.arkya.es\/\"},{\"@type\":\"ListItem\",\"position\":2,\"name\":\"TERMOGRAF\u00cdA INFRARROJA.\"}]},{\"@type\":\"WebSite\",\"@id\":\"https:\/\/www.arkya.es\/#website\",\"url\":\"https:\/\/www.arkya.es\/\",\"name\":\"arkya-ITES-LICENCIAS-PROYECTOS-CERTIFICADOS\",\"description\":\"Otro sitio realizado con WordPress\",\"publisher\":{\"@id\":\"https:\/\/www.arkya.es\/#\/schema\/person\/409fdf94f9a880337a53eff9598851f5\"},\"potentialAction\":[{\"@type\":\"SearchAction\",\"target\":{\"@type\":\"EntryPoint\",\"urlTemplate\":\"https:\/\/www.arkya.es\/?s={search_term_string}\"},\"query-input\":{\"@type\":\"PropertyValueSpecification\",\"valueRequired\":true,\"valueName\":\"search_term_string\"}}],\"inLanguage\":\"es\"},{\"@type\":[\"Person\",\"Organization\"],\"@id\":\"https:\/\/www.arkya.es\/#\/schema\/person\/409fdf94f9a880337a53eff9598851f5\",\"name\":\"Beatriz\",\"image\":{\"@type\":\"ImageObject\",\"inLanguage\":\"es\",\"@id\":\"https:\/\/www.arkya.es\/#\/schema\/person\/image\/\",\"url\":\"https:\/\/www.arkya.es\/wp-content\/uploads\/2020\/01\/logo-Arkya-1-morado2.jpg\",\"contentUrl\":\"https:\/\/www.arkya.es\/wp-content\/uploads\/2020\/01\/logo-Arkya-1-morado2.jpg\",\"width\":189,\"height\":189,\"caption\":\"Beatriz\"},\"logo\":{\"@id\":\"https:\/\/www.arkya.es\/#\/schema\/person\/image\/\"}}]}<\/script>\n<!-- \/ Yoast SEO plugin. -->","yoast_head_json":{"title":"TERMOGRAF\u00cdA INFRARROJA. - arkya","robots":{"index":"index","follow":"follow","max-snippet":"max-snippet:-1","max-image-preview":"max-image-preview:large","max-video-preview":"max-video-preview:-1"},"canonical":"https:\/\/www.arkya.es\/?page_id=346","og_locale":"es_ES","og_type":"article","og_title":"TERMOGRAF\u00cdA INFRARROJA. - arkya","og_description":"\u00a0Hacer visible lo invisible. La c\u00e1mara &nbsp;termogr\u00e1fica infrarroja permite captar la intensidad de radiaci\u00f3n infrarroja que emiten los cuerpos y &hellip; Sigue leyendo TERMOGRAF\u00cdA INFRARROJA.","og_url":"https:\/\/www.arkya.es\/?page_id=346","og_site_name":"arkya","article_modified_time":"2020-01-10T14:04:16+00:00","twitter_card":"summary_large_image","twitter_misc":{"Tiempo de lectura":"2 minutos"},"schema":{"@context":"https:\/\/schema.org","@graph":[{"@type":"WebPage","@id":"https:\/\/www.arkya.es\/?page_id=346","url":"https:\/\/www.arkya.es\/?page_id=346","name":"TERMOGRAF\u00cdA INFRARROJA. - arkya","isPartOf":{"@id":"https:\/\/www.arkya.es\/#website"},"datePublished":"2020-01-09T15:55:27+00:00","dateModified":"2020-01-10T14:04:16+00:00","breadcrumb":{"@id":"https:\/\/www.arkya.es\/?page_id=346#breadcrumb"},"inLanguage":"es","potentialAction":[{"@type":"ReadAction","target":["https:\/\/www.arkya.es\/?page_id=346"]}]},{"@type":"BreadcrumbList","@id":"https:\/\/www.arkya.es\/?page_id=346#breadcrumb","itemListElement":[{"@type":"ListItem","position":1,"name":"Portada","item":"https:\/\/www.arkya.es\/"},{"@type":"ListItem","position":2,"name":"TERMOGRAF\u00cdA INFRARROJA."}]},{"@type":"WebSite","@id":"https:\/\/www.arkya.es\/#website","url":"https:\/\/www.arkya.es\/","name":"arkya-ITES-LICENCIAS-PROYECTOS-CERTIFICADOS","description":"Otro sitio realizado con WordPress","publisher":{"@id":"https:\/\/www.arkya.es\/#\/schema\/person\/409fdf94f9a880337a53eff9598851f5"},"potentialAction":[{"@type":"SearchAction","target":{"@type":"EntryPoint","urlTemplate":"https:\/\/www.arkya.es\/?s={search_term_string}"},"query-input":{"@type":"PropertyValueSpecification","valueRequired":true,"valueName":"search_term_string"}}],"inLanguage":"es"},{"@type":["Person","Organization"],"@id":"https:\/\/www.arkya.es\/#\/schema\/person\/409fdf94f9a880337a53eff9598851f5","name":"Beatriz","image":{"@type":"ImageObject","inLanguage":"es","@id":"https:\/\/www.arkya.es\/#\/schema\/person\/image\/","url":"https:\/\/www.arkya.es\/wp-content\/uploads\/2020\/01\/logo-Arkya-1-morado2.jpg","contentUrl":"https:\/\/www.arkya.es\/wp-content\/uploads\/2020\/01\/logo-Arkya-1-morado2.jpg","width":189,"height":189,"caption":"Beatriz"},"logo":{"@id":"https:\/\/www.arkya.es\/#\/schema\/person\/image\/"}}]}},"_links":{"self":[{"href":"https:\/\/www.arkya.es\/index.php?rest_route=\/wp\/v2\/pages\/346","targetHints":{"allow":["GET"]}}],"collection":[{"href":"https:\/\/www.arkya.es\/index.php?rest_route=\/wp\/v2\/pages"}],"about":[{"href":"https:\/\/www.arkya.es\/index.php?rest_route=\/wp\/v2\/types\/page"}],"author":[{"embeddable":true,"href":"https:\/\/www.arkya.es\/index.php?rest_route=\/wp\/v2\/users\/1"}],"replies":[{"embeddable":true,"href":"https:\/\/www.arkya.es\/index.php?rest_route=%2Fwp%2Fv2%2Fcomments&post=346"}],"version-history":[{"count":0,"href":"https:\/\/www.arkya.es\/index.php?rest_route=\/wp\/v2\/pages\/346\/revisions"}],"wp:attachment":[{"href":"https:\/\/www.arkya.es\/index.php?rest_route=%2Fwp%2Fv2%2Fmedia&parent=346"}],"curies":[{"name":"wp","href":"https:\/\/api.w.org\/{rel}","templated":true}]}}